{"id":2114,"date":"2021-04-22T11:59:55","date_gmt":"2021-04-22T11:59:55","guid":{"rendered":"https:\/\/aetrsmartkey.eu\/glavna-stranica\/"},"modified":"2025-02-11T09:47:17","modified_gmt":"2025-02-11T09:47:17","slug":"glavna-stranica","status":"publish","type":"page","link":"https:\/\/tachografletolto.hu\/sr\/","title":{"rendered":"Glavna stranica"},"content":{"rendered":"<p>[et_pb_section fb_built=&#8220;1&#8243; fullwidth=&#8220;on&#8220; _builder_version=&#8220;4.16&#8243; background_image=&#8220;https:\/\/tachografletolto.hu\/wp-content\/uploads\/2020\/04\/truck6_1920.png&#8220; background_position=&#8220;bottom_center&#8220; custom_margin=&#8220;-40px||||false|false&#8220; global_colors_info=&#8220;{}&#8220;][et_pb_fullwidth_header title=&#8220;Orange preuzima\u010d podataka sa tahografa&#8220; text_orientation=&#8220;center&#8220; button_one_text=&#8220;Naru\u010dite&#8220; button_one_url=&#8220;#13&#8243; _builder_version=&#8220;4.16&#8243; title_font=&#8220;|700|on||||||&#8220; title_text_color=&#8220;#f47437&#8243; title_font_size=&#8220;42px&#8220; title_line_height=&#8220;1.4em&#8220; content_font_size=&#8220;26px&#8220; content_letter_spacing=&#8220;3px&#8220; content_line_height=&#8220;1.8em&#8220; subhead_font=&#8220;|||||on|||&#8220; subhead_text_color=&#8220;#f47437&#8243; background_color=&#8220;rgba(0,74,104,0.86)&#8220; custom_button_one=&#8220;on&#8220; button_one_text_size=&#8220;24px&#8220; button_one_text_color=&#8220;#f47437&#8243; button_one_bg_color=&#8220;rgba(255,255,255,0.76)&#8220; button_one_border_width=&#8220;2px&#8220; button_one_font=&#8220;|700|||||||&#8220; custom_margin=&#8220;40px||||false|false&#8220; content_text_shadow_style=&#8220;preset4&#8243; button_one_text_shadow_style=&#8220;preset1&#8243; button_one_text_shadow_color=&#8220;#ffffff&#8220; box_shadow_style_button_one=&#8220;preset5&#8243; box_shadow_blur_button_one=&#8220;7px&#8220; box_shadow_spread_button_one=&#8220;4px&#8220; box_shadow_color_button_one=&#8220;#ffffff&#8220; text_shadow_style=&#8220;preset5&#8243; text_shadow_vertical_length=&#8220;0.31em&#8220; text_shadow_blur_strength=&#8220;0.13em&#8220; global_colors_info=&#8220;{}&#8220;]<\/p>\n<p><span style=\"font-size: 26px;\">Bluetooth tachograph and driver card downloader<br \/>For VDO, Stoneridge, EFAS, Actia older type and SMART tachographs <\/span><\/p>\n<p><iframe loading=\"lazy\" title=\"YouTube video player\" src=\"https:\/\/www.youtube.com\/embed\/ZlS5EtOSpGY\" width=\"560\" height=\"315\" frameborder=\"0\" allowfullscreen=\"allowfullscreen\"><\/iframe><\/p>\n<p>[\/et_pb_fullwidth_header][\/et_pb_section][et_pb_section fb_built=&#8220;1&#8243; _builder_version=&#8220;4.16&#8243; global_colors_info=&#8220;{}&#8220;][et_pb_row _builder_version=&#8220;4.16&#8243; global_colors_info=&#8220;{}&#8220;][et_pb_column type=&#8220;4_4&#8243; _builder_version=&#8220;4.16&#8243; global_colors_info=&#8220;{}&#8220;][et_pb_text module_id=&#8220;12&#8243; _builder_version=&#8220;4.16&#8243; header_2_font=&#8220;|700|||||||&#8220; header_2_text_align=&#8220;center&#8220; header_2_text_color=&#8220;#f47437&#8243; header_2_font_size=&#8220;38px&#8220; header_2_text_shadow_style=&#8220;preset4&#8243; header_2_text_shadow_vertical_length=&#8220;0.05em&#8220; header_2_text_shadow_color=&#8220;#004a68&#8243; global_colors_info=&#8220;{}&#8220;]<\/p>\n<h2>Orange preuzima\u010d Tahografa<\/h2>\n<p>[\/et_pb_text][\/et_pb_column][\/et_pb_row][et_pb_row column_structure=&#8220;1_2,1_2&#8243; _builder_version=&#8220;4.16&#8243; global_colors_info=&#8220;{}&#8220;][et_pb_column type=&#8220;1_2&#8243; _builder_version=&#8220;4.16&#8243; global_colors_info=&#8220;{}&#8220;][et_pb_image src=&#8220;https:\/\/tachografletolto.hu\/wp-content\/uploads\/2020\/04\/orange_key_with_shadow.png&#8220; title_text=&#8220;orange_key_with_shadow&#8220; _builder_version=&#8220;4.16&#8243; max_width=&#8220;44%&#8220; module_alignment=&#8220;center&#8220; global_colors_info=&#8220;{}&#8220;][\/et_pb_image][\/et_pb_column][et_pb_column type=&#8220;1_2&#8243; _builder_version=&#8220;4.16&#8243; global_colors_info=&#8220;{}&#8220;][et_pb_accordion _builder_version=&#8220;4.16&#8243; background_color=&#8220;#ffffff&#8220; global_colors_info=&#8220;{}&#8220;][et_pb_accordion_item title=&#8220;Opis ure\u0111aja&#8220; open=&#8220;on&#8220; open_toggle_text_color=&#8220;#ffffff&#8220; open_toggle_background_color=&#8220;#004a68&#8243; closed_toggle_text_color=&#8220;#f47437&#8243; _builder_version=&#8220;4.16&#8243; body_text_color=&#8220;#ffffff&#8220; global_colors_info=&#8220;{}&#8220; toggle_text_color=&#8220;#ffffff&#8220; closed_toggle_font=&#8220;||on||||||&#8220;]<\/p>\n<ul>\n<li>\n<p>Ure\u0111aj je pogodan za o\u010ditavanje Digitalnog tahografa i voza\u010dkih kartica.<\/p>\n<\/li>\n<li>\n<p>Za njegovu upotrebu potreban je mobilni telefon sa androidnim ili IOS operativnim sistemom.d<\/p>\n<\/li>\n<li>\n<p>Na telefon se preuzima aplikacija Tachograph Downloader koja se besplatno preuzma iz google Play prodavnice ili iz App Stora.<\/p>\n<\/li>\n<li>\n<p>Izme\u0111u ORANGE adaptera i telefona dolazi do bluetooth konekcija.<\/p>\n<\/li>\n<\/ul>\n<p>[\/et_pb_accordion_item][et_pb_accordion_item title=&#8220;Funkcije:&#8220; open_toggle_text_color=&#8220;#ffffff&#8220; open_toggle_background_color=&#8220;#004a68&#8243; closed_toggle_text_color=&#8220;#f47437&#8243; _builder_version=&#8220;4.16&#8243; body_text_color=&#8220;#ffffff&#8220; global_colors_info=&#8220;{}&#8220; toggle_text_color=&#8220;#ffffff&#8220; closed_toggle_font=&#8220;||on||||||&#8220; open=&#8220;off&#8220;]<\/p>\n<ul>\n<li>Preuzimanje podataka sa voza\u010dke kartice preko tahografa<\/li>\n<li>(kod tahografa koji su proizvedeni posle 2011. bez vlasni\u010dke kartice)<\/li>\n<li>Preuzimanje podataka tahografa pomo\u0107u vlasni\u010dke kartice<\/li>\n<li>\n<p>Slanje preuzetih podataka preko maila sa telefona<\/p>\n<\/li>\n<li>\n<p>Arhiviranje preuzetih podataka na mobilnom telefonu<\/p>\n<\/li>\n<\/ul>\n<p><strong>Rokovi:<\/strong><\/p>\n<ul>\n<li>Rok za o\u010ditavanje tahografa<\/li>\n<li>Rok za kalibraciju tahografa<\/li>\n<li>Rok za o\u010ditavanje voza\u010dke kartice<\/li>\n<li>Va\u017eenje validnosti voza\u010dke kartice<\/li>\n<\/ul>\n<p>[\/et_pb_accordion_item][et_pb_accordion_item title=&#8220;Kompatibilnost&#8220; open_toggle_text_color=&#8220;#ffffff&#8220; open_toggle_background_color=&#8220;#004a68&#8243; closed_toggle_text_color=&#8220;#f47437&#8243; _builder_version=&#8220;4.16&#8243; body_text_color=&#8220;#ffffff&#8220; global_colors_info=&#8220;{}&#8220; toggle_text_color=&#8220;#ffffff&#8220; closed_toggle_font=&#8220;||on||||||&#8220; open=&#8220;off&#8220;]<\/p>\n<ul>\n<li>Kompatibilno sa tahografima u skladu sa Uredbom (EEZ) br. 3821\/85<\/li>\n<li>Kompatibilno sa tahografima u skladu sa Uredbom (EZ) br. 799\/2016<\/li>\n<li>Od verzije 1.0 za VDO tahografe<\/li>\n<li>Stoneridge<\/li>\n<li>EFAS &#8211; Inetllic &#8211; Bosch<\/li>\n<li>Actia<\/li>\n<\/ul>\n<p>[\/et_pb_accordion_item][\/et_pb_accordion][\/et_pb_column][\/et_pb_row][\/et_pb_section][et_pb_section fb_built=&#8220;1&#8243; _builder_version=&#8220;4.16&#8243; global_colors_info=&#8220;{}&#8220;][et_pb_row _builder_version=&#8220;4.16&#8243; global_colors_info=&#8220;{}&#8220;][et_pb_column type=&#8220;4_4&#8243; _builder_version=&#8220;4.16&#8243; global_colors_info=&#8220;{}&#8220;][et_pb_text module_id=&#8220;13&#8243; _builder_version=&#8220;4.16&#8243; header_2_font=&#8220;|700|||||||&#8220; header_2_text_align=&#8220;center&#8220; header_2_text_color=&#8220;#f47437&#8243; header_2_font_size=&#8220;38px&#8220; header_2_text_shadow_style=&#8220;preset4&#8243; header_2_text_shadow_vertical_length=&#8220;0.05em&#8220; header_2_text_shadow_color=&#8220;#004a68&#8243; global_colors_info=&#8220;{}&#8220;]<\/p>\n<h2>Naru\u010dite!<\/h2>\n<p>[\/et_pb_text][\/et_pb_column][\/et_pb_row][et_pb_row column_structure=&#8220;2_5,3_5&#8243; _builder_version=&#8220;4.16&#8243; global_colors_info=&#8220;{}&#8220;][et_pb_column type=&#8220;2_5&#8243; _builder_version=&#8220;4.16&#8243; global_colors_info=&#8220;{}&#8220;][et_pb_image src=&#8220;https:\/\/tachografletolto.hu\/wp-content\/uploads\/2020\/04\/waitforfrontdeviceinsertation_1.png&#8220; title_text=&#8220;waitforfrontdeviceinsertation_1&#8243; _builder_version=&#8220;4.16&#8243; width=&#8220;100%&#8220; max_width=&#8220;100%&#8220; module_alignment=&#8220;center&#8220; global_colors_info=&#8220;{}&#8220;][\/et_pb_image][et_pb_code _builder_version=&#8220;4.16&#8243; text_orientation=&#8220;center&#8220; global_colors_info=&#8220;{}&#8220;]<\/p>\n<form class=\"cart\" action=\"https:\/\/tachografletolto.hu\/sr\/cart-2\/\" enctype=\"multipart\/form-data\" method=\"post\"><!-- [et_pb_line_break_holder] --><!-- [et_pb_line_break_holder] --> <button class=\"et_pb_pricing_table_button et_pb_button\" name=\"add-to-cart\" type=\"submit\" value=\"8\">U korpu<\/button><!-- [et_pb_line_break_holder] --><!-- [et_pb_line_break_holder] --><\/form>\n<p><!-- [et_pb_line_break_holder] -->[\/et_pb_code][\/et_pb_column][et_pb_column type=&#8220;3_5&#8243; _builder_version=&#8220;4.16&#8243; global_colors_info=&#8220;{}&#8220;][et_pb_pricing_tables _builder_version=&#8220;4.16&#8243; background_color=&#8220;#ffffff&#8220; custom_margin=&#8220;||||false|false&#8220; global_colors_info=&#8220;{}&#8220;][et_pb_pricing_table featured=&#8220;on&#8220; title=&#8220;Orange preuzima\u010d podataka sa tahografa&#8220; subtitle=&#8220;Preuzimanje Bluetooth tahografa i kartice voza\u010da za VDO, Stoneridge, EFAS, Actia  i starije i SMART tahografe&#8220; currency=&#8220;EUR+porez&#8220; sum=&#8220;180,00&#8243; button_text=&#8220;U korpu&#8220; bullet_color=&#8220;#ffffff&#8220; price_background_color=&#8220;#ffffff&#8220; header_background_color=&#8220;#004a68&#8243; _builder_version=&#8220;4.16&#8243; price_text_color=&#8220;#f47437&#8243; body_text_color=&#8220;#000000&#8243; background_color=&#8220;#ffffff&#8220; background_enable_color=&#8220;on&#8220; global_colors_info=&#8220;{}&#8220; sticky_transition=&#8220;on&#8220;]Preuzimanje podataka Digitalnog tahografa<br \/>\nPreuzimanje podataka sa voza\u010dke kartice<br \/>\nKompatibilnost sa Androidnim i IOS sistemima<br \/>\nBluetooth konekcija izme\u0111u telefona i adaptera.<br \/>\nNa telefon se preuzima aplikacija Tachograph Downloader koja se besplatno preuzma iz google Play prodavnice ili iz App Stora.[\/et_pb_pricing_table][\/et_pb_pricing_tables][et_pb_text _builder_version=&#8220;4.16&#8243; global_colors_info=&#8220;{}&#8220;]<\/p>\n<p style=\"text-align: center;\"><img loading=\"lazy\" decoding=\"async\" class=\"wp-image-1599 alignnone size-medium\" src=\"https:\/\/tachografletolto.hu\/wp-content\/uploads\/2020\/04\/apps-300x92.png\" alt=\"\" width=\"167\" height=\"51\" srcset=\"https:\/\/tachografletolto.hu\/wp-content\/uploads\/2020\/04\/apps-300x92.png 300w, https:\/\/tachografletolto.hu\/wp-content\/uploads\/2020\/04\/apps-400x124.png 400w, https:\/\/tachografletolto.hu\/wp-content\/uploads\/2020\/04\/apps.png 405w\" sizes=\"(max-width: 167px) 100vw, 167px\" \/>\u00a0<img loading=\"lazy\" decoding=\"async\" class=\"wp-image-1601 alignnone size-medium\" src=\"https:\/\/tachografletolto.hu\/wp-content\/uploads\/2020\/04\/1280px-Google_Play_Store_badge_EN.svg_-300x89.png\" alt=\"\" width=\"172\" height=\"52\" srcset=\"https:\/\/tachografletolto.hu\/wp-content\/uploads\/2020\/04\/1280px-Google_Play_Store_badge_EN.svg_-300x89.png 300w, https:\/\/tachografletolto.hu\/wp-content\/uploads\/2020\/04\/1280px-Google_Play_Store_badge_EN.svg_-1024x302.png 1024w, https:\/\/tachografletolto.hu\/wp-content\/uploads\/2020\/04\/1280px-Google_Play_Store_badge_EN.svg_-768x227.png 768w, https:\/\/tachografletolto.hu\/wp-content\/uploads\/2020\/04\/1280px-Google_Play_Store_badge_EN.svg_-1080x319.png 1080w, https:\/\/tachografletolto.hu\/wp-content\/uploads\/2020\/04\/1280px-Google_Play_Store_badge_EN.svg_-980x289.png 980w, https:\/\/tachografletolto.hu\/wp-content\/uploads\/2020\/04\/1280px-Google_Play_Store_badge_EN.svg_-480x142.png 480w, https:\/\/tachografletolto.hu\/wp-content\/uploads\/2020\/04\/1280px-Google_Play_Store_badge_EN.svg_-600x177.png 600w, https:\/\/tachografletolto.hu\/wp-content\/uploads\/2020\/04\/1280px-Google_Play_Store_badge_EN.svg_.png 1280w\" sizes=\"(max-width: 172px) 100vw, 172px\" \/><\/p>\n<p>[\/et_pb_text][\/et_pb_column][\/et_pb_row][\/et_pb_section][et_pb_section fb_built=&#8220;1&#8243; _builder_version=&#8220;4.16&#8243; background_color=&#8220;#004a68&#8243; global_colors_info=&#8220;{}&#8220;][et_pb_row column_structure=&#8220;1_2,1_2&#8243; module_id=&#8220;14&#8243; _builder_version=&#8220;4.16&#8243; global_colors_info=&#8220;{}&#8220;][et_pb_column type=&#8220;1_2&#8243; _builder_version=&#8220;4.16&#8243; global_colors_info=&#8220;{}&#8220;][et_pb_text _builder_version=&#8220;4.16&#8243; text_text_color=&#8220;#ffffff&#8220; header_text_color=&#8220;#ffffff&#8220; global_colors_info=&#8220;{}&#8220;]<\/p>\n<ul>\n<li>G\u00e1bor Kreskay Hungarian +36 20 239 7460<\/li>\n<li>Istv\u00e1n L\u00edzer German , English +36 20 458 5660<\/li>\n<li>Sajti J\u00e1nos Serbian + 36 20 462 4552<\/li>\n<li>Centralni tel.broj+ 36 20 410 0035<\/li>\n<li>E-mail: info@aetrcontrol.eu<\/li>\n<\/ul>\n<p>[\/et_pb_text][\/et_pb_column][et_pb_column type=&#8220;1_2&#8243; _builder_version=&#8220;4.16&#8243; global_colors_info=&#8220;{}&#8220;][et_pb_text _builder_version=&#8220;4.16&#8243; text_text_color=&#8220;#ffffff&#8220; header_text_color=&#8220;#ffffff&#8220; global_colors_info=&#8220;{}&#8220;]<\/p>\n<p style=\"text-align: center;\">Copiright \u00a9 2018. AETRControl Kft. |. | Politika privatnosti, uslovi i odredbe<\/p>\n<p>[\/et_pb_text][\/et_pb_column][\/et_pb_row][\/et_pb_section]<\/p>\n","protected":false},"excerpt":{"rendered":"<p>Bluetooth tachograph and driver card downloaderFor VDO, Stoneridge, EFAS, Actia older type and SMART tachographs Orange preuzima\u010d Tahografa Ure\u0111aj je pogodan za o\u010ditavanje Digitalnog tahografa i voza\u010dkih kartica. Za njegovu upotrebu potreban je mobilni telefon sa androidnim ili IOS operativnim sistemom.d Na telefon se preuzima aplikacija Tachograph Downloader koja se besplatno preuzma iz google Play [&hellip;]<\/p>\n","protected":false},"author":1,"featured_media":0,"parent":0,"menu_order":0,"comment_status":"closed","ping_status":"closed","template":"","meta":{"_et_pb_use_builder":"on","_et_pb_old_content":"","_et_gb_content_width":"","footnotes":""},"_links":{"self":[{"href":"https:\/\/tachografletolto.hu\/sr\/wp-json\/wp\/v2\/pages\/2114"}],"collection":[{"href":"https:\/\/tachografletolto.hu\/sr\/wp-json\/wp\/v2\/pages"}],"about":[{"href":"https:\/\/tachografletolto.hu\/sr\/wp-json\/wp\/v2\/types\/page"}],"author":[{"embeddable":true,"href":"https:\/\/tachografletolto.hu\/sr\/wp-json\/wp\/v2\/users\/1"}],"replies":[{"embeddable":true,"href":"https:\/\/tachografletolto.hu\/sr\/wp-json\/wp\/v2\/comments?post=2114"}],"version-history":[{"count":54,"href":"https:\/\/tachografletolto.hu\/sr\/wp-json\/wp\/v2\/pages\/2114\/revisions"}],"predecessor-version":[{"id":2471,"href":"https:\/\/tachografletolto.hu\/sr\/wp-json\/wp\/v2\/pages\/2114\/revisions\/2471"}],"wp:attachment":[{"href":"https:\/\/tachografletolto.hu\/sr\/wp-json\/wp\/v2\/media?parent=2114"}],"curies":[{"name":"wp","href":"https:\/\/api.w.org\/{rel}","templated":true}]}}