{"id":2251,"date":"2020-03-27T07:28:44","date_gmt":"2020-03-27T07:28:44","guid":{"rendered":"https:\/\/aetrsmartkey.eu\/product\/aetrsmartkey\/"},"modified":"2022-12-01T11:28:25","modified_gmt":"2022-12-01T11:28:25","slug":"aetrsmartkey","status":"publish","type":"product","link":"https:\/\/tachografletolto.hu\/sr\/\u043f\u0440\u043e\u0438\u0437\u0432\u043e\u0434\/aetrsmartkey\/","title":{"rendered":"AETR narand\u017easti taster za preuzimanje"},"content":{"rendered":"<li>Podaci digitalnog tahografa se \u0161alju na va\u0161 pametni telefon preko Bluetooth-a<\/li>\n<li>Jednostavno ga priklju\u010dite u interfejs prednje plo\u010de tahografa<\/li>\n<li>Ure\u0111aj je kompatibilan samo sa AETR aplikacijom<\/li>\n<\/ul>\n","protected":false},"excerpt":{"rendered":"<p>Podaci digitalnog tahografa se \u0161alju na va\u0161 pametni telefon preko Bluetooth-a Jednostavno ga priklju\u010dite u interfejs prednje plo\u010de tahografa Ure\u0111aj je kompatibilan samo sa AETR aplikacijom<\/p>\n","protected":false},"featured_media":1471,"template":"","meta":{"_et_pb_use_builder":"","_et_pb_old_content":"","_et_gb_content_width":""},"product_cat":[100],"product_tag":[],"_links":{"self":[{"href":"https:\/\/tachografletolto.hu\/sr\/wp-json\/wp\/v2\/product\/2251"}],"collection":[{"href":"https:\/\/tachografletolto.hu\/sr\/wp-json\/wp\/v2\/product"}],"about":[{"href":"https:\/\/tachografletolto.hu\/sr\/wp-json\/wp\/v2\/types\/product"}],"wp:featuredmedia":[{"embeddable":true,"href":"https:\/\/tachografletolto.hu\/sr\/wp-json\/wp\/v2\/media\/1471"}],"wp:attachment":[{"href":"https:\/\/tachografletolto.hu\/sr\/wp-json\/wp\/v2\/media?parent=2251"}],"wp:term":[{"taxonomy":"product_cat","embeddable":true,"href":"https:\/\/tachografletolto.hu\/sr\/wp-json\/wp\/v2\/product_cat?post=2251"},{"taxonomy":"product_tag","embeddable":true,"href":"https:\/\/tachografletolto.hu\/sr\/wp-json\/wp\/v2\/product_tag?post=2251"}],"curies":[{"name":"wp","href":"https:\/\/api.w.org\/{rel}","templated":true}]}}